{"id":262,"date":"2022-11-15T17:26:45","date_gmt":"2022-11-15T17:26:45","guid":{"rendered":"https:\/\/ifinanciera.es\/pt\/?page_id=262"},"modified":"2022-11-17T10:05:47","modified_gmt":"2022-11-17T10:05:47","slug":"aviso-legal","status":"publish","type":"page","link":"https:\/\/ifinanciera.es\/pt\/aviso-legal\/","title":{"rendered":"Aviso legal"},"content":{"rendered":"\t\t<div data-elementor-type=\"wp-page\" data-elementor-id=\"262\" class=\"elementor elementor-262\">\n\t\t\t\t\t\t\t\t\t<section class=\"elementor-section elementor-top-section elementor-element elementor-element-7c731e10 elementor-section-boxed elementor-section-height-default elementor-section-height-default\" data-id=\"7c731e10\" data-element_type=\"section\">\n\t\t\t\t\t\t<div class=\"elementor-container elementor-column-gap-default\">\n\t\t\t\t\t<div class=\"elementor-column elementor-col-100 elementor-top-column elementor-element elementor-element-5c474b06\" data-id=\"5c474b06\" data-element_type=\"column\">\n\t\t\t<div class=\"elementor-widget-wrap elementor-element-populated\">\n\t\t\t\t\t\t\t\t<div class=\"elementor-element elementor-element-51072d54 elementor-widget elementor-widget-heading\" data-id=\"51072d54\" data-element_type=\"widget\" data-widget_type=\"heading.default\">\n\t\t\t\t<div class=\"elementor-widget-container\">\n\t\t\t<style>\/*! elementor - v3.7.7 - 20-09-2022 *\/\n.elementor-heading-title{padding:0;margin:0;line-height:1}.elementor-widget-heading .elementor-heading-title[class*=elementor-size-]>a{color:inherit;font-size:inherit;line-height:inherit}.elementor-widget-heading .elementor-heading-title.elementor-size-small{font-size:15px}.elementor-widget-heading .elementor-heading-title.elementor-size-medium{font-size:19px}.elementor-widget-heading .elementor-heading-title.elementor-size-large{font-size:29px}.elementor-widget-heading .elementor-heading-title.elementor-size-xl{font-size:39px}.elementor-widget-heading .elementor-heading-title.elementor-size-xxl{font-size:59px}<\/style><h1 class=\"elementor-heading-title elementor-size-default\">Aviso Legal<\/h1>\t\t<\/div>\n\t\t\t\t<\/div>\n\t\t\t\t\t<\/div>\n\t\t<\/div>\n\t\t\t\t\t\t\t<\/div>\n\t\t<\/section>\n\t\t\t\t<section class=\"elementor-section elementor-top-section elementor-element elementor-element-17537055 elementor-section-boxed elementor-section-height-default elementor-section-height-default\" data-id=\"17537055\" data-element_type=\"section\">\n\t\t\t\t\t\t<div class=\"elementor-container elementor-column-gap-default\">\n\t\t\t\t\t<div class=\"elementor-column elementor-col-100 elementor-top-column elementor-element elementor-element-46ed418b\" data-id=\"46ed418b\" data-element_type=\"column\">\n\t\t\t<div class=\"elementor-widget-wrap elementor-element-populated\">\n\t\t\t\t\t\t\t\t<div class=\"elementor-element elementor-element-1c9ca68e elementor-widget elementor-widget-heading\" data-id=\"1c9ca68e\" data-element_type=\"widget\" data-widget_type=\"heading.default\">\n\t\t\t\t<div class=\"elementor-widget-container\">\n\t\t\t<h3 class=\"elementor-heading-title elementor-size-default\">AVISO JUR\u00cdDICO. PROP\u00d3SITO<\/h3>\t\t<\/div>\n\t\t\t\t<\/div>\n\t\t\t\t<div class=\"elementor-element elementor-element-239b5b3b elementor-widget elementor-widget-text-editor\" data-id=\"239b5b3b\" data-element_type=\"widget\" data-widget_type=\"text-editor.default\">\n\t\t\t\t<div class=\"elementor-widget-container\">\n\t\t\t<style>\/*! elementor - v3.7.7 - 20-09-2022 *\/\n.elementor-widget-text-editor.elementor-drop-cap-view-stacked .elementor-drop-cap{background-color:#818a91;color:#fff}.elementor-widget-text-editor.elementor-drop-cap-view-framed .elementor-drop-cap{color:#818a91;border:3px solid;background-color:transparent}.elementor-widget-text-editor:not(.elementor-drop-cap-view-default) .elementor-drop-cap{margin-top:8px}.elementor-widget-text-editor:not(.elementor-drop-cap-view-default) .elementor-drop-cap-letter{width:1em;height:1em}.elementor-widget-text-editor .elementor-drop-cap{float:left;text-align:center;line-height:1;font-size:50px}.elementor-widget-text-editor .elementor-drop-cap-letter{display:inline-block}<\/style>\t\t\t\t<p>Este website foi concebido para divulgar os servi\u00e7os oferecidos pela entidade IFINANCIERA ECONOMIA Y EMPRESA, S.L., adiante iFinanciera, Impact Hub Picasso &#8211; Plaza Pablo Ruiz Picasso, 1, 28046 Madrid (Madrid), Espanha; bem como para a recep\u00e7\u00e3o de potenciais clientes, contactos comerciais e candidaturas a emprego.<\/p>\t\t\t\t\t\t<\/div>\n\t\t\t\t<\/div>\n\t\t\t\t\t<\/div>\n\t\t<\/div>\n\t\t\t\t\t\t\t<\/div>\n\t\t<\/section>\n\t\t\t\t<section class=\"elementor-section elementor-top-section elementor-element elementor-element-753a2916 elementor-section-boxed elementor-section-height-default elementor-section-height-default\" data-id=\"753a2916\" data-element_type=\"section\">\n\t\t\t\t\t\t<div class=\"elementor-container elementor-column-gap-default\">\n\t\t\t\t\t<div class=\"elementor-column elementor-col-100 elementor-top-column elementor-element elementor-element-2c40d142\" data-id=\"2c40d142\" data-element_type=\"column\">\n\t\t\t<div class=\"elementor-widget-wrap elementor-element-populated\">\n\t\t\t\t\t\t\t\t<div class=\"elementor-element elementor-element-29baeaa7 elementor-widget elementor-widget-heading\" data-id=\"29baeaa7\" data-element_type=\"widget\" data-widget_type=\"heading.default\">\n\t\t\t\t<div class=\"elementor-widget-container\">\n\t\t\t<h3 class=\"elementor-heading-title elementor-size-default\">PROPIEDADE INTELECTUAL E INDUSTRIAL<\/h3>\t\t<\/div>\n\t\t\t\t<\/div>\n\t\t\t\t<div class=\"elementor-element elementor-element-5719c4b0 elementor-widget elementor-widget-text-editor\" data-id=\"5719c4b0\" data-element_type=\"widget\" data-widget_type=\"text-editor.default\">\n\t\t\t\t<div class=\"elementor-widget-container\">\n\t\t\t\t\t\t\t<p>Os direitos de propriedade intelectual do website, o seu c\u00f3digo fonte, design, estruturas de navega\u00e7\u00e3o e os diferentes elementos nele contidos s\u00e3o propriedade da iFinanciera, que tem direitos exclusivos para os explorar sob qualquer forma e, em particular, os direitos de reprodu\u00e7\u00e3o, distribui\u00e7\u00e3o, comunica\u00e7\u00e3o p\u00fablica e transforma\u00e7\u00e3o, em conformidade com a legisla\u00e7\u00e3o espanhola e da Uni\u00e3o Europeia aplic\u00e1vel.<\/p><p>O portal iFinanciera, as p\u00e1ginas que o comp\u00f5em e as informa\u00e7\u00f5es ou elementos nele contidos incluem textos, documentos, fotografias, desenhos, representa\u00e7\u00f5es gr\u00e1ficas, programas inform\u00e1ticos, bem como log\u00f3tipos, marcas, nomes comerciais, ou outros sinais distintivos, protegidos por direitos de propriedade intelectual ou industrial, dos quais iFinanciera \u00e9 o propriet\u00e1rio ou licenciado leg\u00edtimo.<\/p>\t\t\t\t\t\t<\/div>\n\t\t\t\t<\/div>\n\t\t\t\t\t<\/div>\n\t\t<\/div>\n\t\t\t\t\t\t\t<\/div>\n\t\t<\/section>\n\t\t\t\t<section class=\"elementor-section elementor-top-section elementor-element elementor-element-6c651460 elementor-section-boxed elementor-section-height-default elementor-section-height-default\" data-id=\"6c651460\" data-element_type=\"section\">\n\t\t\t\t\t\t<div class=\"elementor-container elementor-column-gap-default\">\n\t\t\t\t\t<div class=\"elementor-column elementor-col-100 elementor-top-column elementor-element elementor-element-27c28474\" data-id=\"27c28474\" data-element_type=\"column\">\n\t\t\t<div class=\"elementor-widget-wrap elementor-element-populated\">\n\t\t\t\t\t\t\t\t<div class=\"elementor-element elementor-element-39091a16 elementor-widget elementor-widget-heading\" data-id=\"39091a16\" data-element_type=\"widget\" data-widget_type=\"heading.default\">\n\t\t\t\t<div class=\"elementor-widget-container\">\n\t\t\t<h3 class=\"elementor-heading-title elementor-size-default\">CONTE\u00daDO<\/h3>\t\t<\/div>\n\t\t\t\t<\/div>\n\t\t\t\t<div class=\"elementor-element elementor-element-71dad680 elementor-widget elementor-widget-text-editor\" data-id=\"71dad680\" data-element_type=\"widget\" data-widget_type=\"text-editor.default\">\n\t\t\t\t<div class=\"elementor-widget-container\">\n\t\t\t\t\t\t\t<p>Este website fornece informa\u00e7\u00f5es sobre servi\u00e7os destinados ao conhecimento p\u00fablico que, em qualquer caso, estar\u00e3o sujeitos aos termos e condi\u00e7\u00f5es expressamente detalhados a todo o momento e que s\u00e3o acess\u00edveis a partir deste website, que estar\u00e3o sujeitos \u00e0s v\u00e1rias disposi\u00e7\u00f5es legais aplic\u00e1veis.<\/p>\t\t\t\t\t\t<\/div>\n\t\t\t\t<\/div>\n\t\t\t\t\t<\/div>\n\t\t<\/div>\n\t\t\t\t\t\t\t<\/div>\n\t\t<\/section>\n\t\t\t\t<section class=\"elementor-section elementor-top-section elementor-element elementor-element-7331500b elementor-section-boxed elementor-section-height-default elementor-section-height-default\" data-id=\"7331500b\" data-element_type=\"section\">\n\t\t\t\t\t\t<div class=\"elementor-container elementor-column-gap-default\">\n\t\t\t\t\t<div class=\"elementor-column elementor-col-100 elementor-top-column elementor-element elementor-element-4791a4d6\" data-id=\"4791a4d6\" data-element_type=\"column\">\n\t\t\t<div class=\"elementor-widget-wrap elementor-element-populated\">\n\t\t\t\t\t\t\t\t<div class=\"elementor-element elementor-element-68689874 elementor-widget elementor-widget-heading\" data-id=\"68689874\" data-element_type=\"widget\" data-widget_type=\"heading.default\">\n\t\t\t\t<div class=\"elementor-widget-container\">\n\t\t\t<h3 class=\"elementor-heading-title elementor-size-default\">ACESSO E UTILIZA\u00c7\u00c3O\n<\/h3>\t\t<\/div>\n\t\t\t\t<\/div>\n\t\t\t\t<div class=\"elementor-element elementor-element-7a63f5ec elementor-widget elementor-widget-text-editor\" data-id=\"7a63f5ec\" data-element_type=\"widget\" data-widget_type=\"text-editor.default\">\n\t\t\t\t<div class=\"elementor-widget-container\">\n\t\t\t\t\t\t\t<p>Tanto o acesso a este website como a utiliza\u00e7\u00e3o que possa ser feita das informa\u00e7\u00f5es e conte\u00fados nele inclu\u00eddos ser\u00e1 da exclusiva responsabilidade da pessoa que a ele acede.<\/p><p>As condi\u00e7\u00f5es de acesso a este website est\u00e3o sujeitas \u00e0 legisla\u00e7\u00e3o em vigor e aos princ\u00edpios da boa f\u00e9 e da utiliza\u00e7\u00e3o leg\u00edtima pelo utilizador do mesmo, e qualquer tipo de ac\u00e7\u00e3o em detrimento de iFinanciera \u00e9 geralmente proibida.<\/p><p>A utiliza\u00e7\u00e3o deste website para fins ilegais ou n\u00e3o autorizados \u00e9 estritamente proibida.<\/p><p>\u00c9 proibida qualquer forma de explora\u00e7\u00e3o, incluindo qualquer tipo de reprodu\u00e7\u00e3o, distribui\u00e7\u00e3o, transfer\u00eancia para terceiros, comunica\u00e7\u00e3o p\u00fablica e transforma\u00e7\u00e3o, atrav\u00e9s de qualquer tipo de suporte e meio, das obras, cria\u00e7\u00f5es e sinais distintivos acima mencionados sem a autoriza\u00e7\u00e3o pr\u00e9via e expressa dos seus respectivos propriet\u00e1rios. O n\u00e3o cumprimento desta proibi\u00e7\u00e3o pode constituir uma infrac\u00e7\u00e3o pun\u00edvel ao abrigo da legisla\u00e7\u00e3o em vigor.<\/p><p>Contudo, por sua conta e risco, os utilizadores podem descarregar ou fazer c\u00f3pias de tais elementos exclusivamente para seu uso pessoal, desde que n\u00e3o infrinjam nenhum dos direitos de propriedade intelectual ou industrial da iFinanciera ou os alterem total ou parcialmente. Em caso algum isto constituir\u00e1 uma autoriza\u00e7\u00e3o ou licen\u00e7a para os direitos de propriedade da iFinanciera.<\/p><p>\u00c9 proibido, excepto quando expressamente autorizado pelo iFinanciera, apresentar as p\u00e1ginas do iFinanciera ou as informa\u00e7\u00f5es nelas contidas sob molduras, sinais distintivos, marcas comerciais ou nomes comerciais de outra pessoa, empresa ou entidade.<\/p>\t\t\t\t\t\t<\/div>\n\t\t\t\t<\/div>\n\t\t\t\t\t<\/div>\n\t\t<\/div>\n\t\t\t\t\t\t\t<\/div>\n\t\t<\/section>\n\t\t\t\t<section class=\"elementor-section elementor-top-section elementor-element elementor-element-39360ecf elementor-section-boxed elementor-section-height-default elementor-section-height-default\" data-id=\"39360ecf\" data-element_type=\"section\">\n\t\t\t\t\t\t<div class=\"elementor-container elementor-column-gap-default\">\n\t\t\t\t\t<div class=\"elementor-column elementor-col-100 elementor-top-column elementor-element elementor-element-68b79cb2\" data-id=\"68b79cb2\" data-element_type=\"column\">\n\t\t\t<div class=\"elementor-widget-wrap elementor-element-populated\">\n\t\t\t\t\t\t\t\t<div class=\"elementor-element elementor-element-47037193 elementor-widget elementor-widget-heading\" data-id=\"47037193\" data-element_type=\"widget\" data-widget_type=\"heading.default\">\n\t\t\t\t<div class=\"elementor-widget-container\">\n\t\t\t<h3 class=\"elementor-heading-title elementor-size-default\">RESPONSABILIDADE<\/h3>\t\t<\/div>\n\t\t\t\t<\/div>\n\t\t\t\t<div class=\"elementor-element elementor-element-1540ed75 elementor-widget elementor-widget-text-editor\" data-id=\"1540ed75\" data-element_type=\"widget\" data-widget_type=\"text-editor.default\">\n\t\t\t\t<div class=\"elementor-widget-container\">\n\t\t\t\t\t\t\t<p>iFinanciera n\u00e3o ser\u00e1 respons\u00e1vel em nenhuma circunst\u00e2ncia por quaisquer danos que possam ser causados pelos utilizadores deste website, ou de qualquer outro website, pela utiliza\u00e7\u00e3o ilegal ou impr\u00f3pria deste website, ou do conte\u00fado e informa\u00e7\u00f5es acess\u00edveis ou fornecidas atrav\u00e9s dele.<\/p>\t\t\t\t\t\t<\/div>\n\t\t\t\t<\/div>\n\t\t\t\t\t<\/div>\n\t\t<\/div>\n\t\t\t\t\t\t\t<\/div>\n\t\t<\/section>\n\t\t\t\t<section class=\"elementor-section elementor-top-section elementor-element elementor-element-505f3876 elementor-section-boxed elementor-section-height-default elementor-section-height-default\" data-id=\"505f3876\" data-element_type=\"section\">\n\t\t\t\t\t\t<div class=\"elementor-container elementor-column-gap-default\">\n\t\t\t\t\t<div class=\"elementor-column elementor-col-100 elementor-top-column elementor-element elementor-element-750955d3\" data-id=\"750955d3\" data-element_type=\"column\">\n\t\t\t<div class=\"elementor-widget-wrap elementor-element-populated\">\n\t\t\t\t\t\t\t\t<div class=\"elementor-element elementor-element-7deba447 elementor-widget elementor-widget-heading\" data-id=\"7deba447\" data-element_type=\"widget\" data-widget_type=\"heading.default\">\n\t\t\t\t<div class=\"elementor-widget-container\">\n\t\t\t<h3 class=\"elementor-heading-title elementor-size-default\">SERVI\u00c7O<\/h3>\t\t<\/div>\n\t\t\t\t<\/div>\n\t\t\t\t<div class=\"elementor-element elementor-element-606aa7aa elementor-widget elementor-widget-text-editor\" data-id=\"606aa7aa\" data-element_type=\"widget\" data-widget_type=\"text-editor.default\">\n\t\t\t\t<div class=\"elementor-widget-container\">\n\t\t\t\t\t\t\t<p>iFinanciera reserva-se o direito de suspender o acesso ao seu website, sem aviso pr\u00e9vio, \u00e0 sua discri\u00e7\u00e3o e temporariamente, por raz\u00f5es t\u00e9cnicas ou quaisquer outras, podendo tamb\u00e9m modificar unilateralmente tanto as condi\u00e7\u00f5es de acesso como a totalidade ou parte dos conte\u00fados nele inclu\u00eddos.<\/p>\t\t\t\t\t\t<\/div>\n\t\t\t\t<\/div>\n\t\t\t\t\t<\/div>\n\t\t<\/div>\n\t\t\t\t\t\t\t<\/div>\n\t\t<\/section>\n\t\t\t\t<section class=\"elementor-section elementor-top-section elementor-element elementor-element-45549320 elementor-section-boxed elementor-section-height-default elementor-section-height-default\" data-id=\"45549320\" data-element_type=\"section\">\n\t\t\t\t\t\t<div class=\"elementor-container elementor-column-gap-default\">\n\t\t\t\t\t<div class=\"elementor-column elementor-col-100 elementor-top-column elementor-element elementor-element-8e80df8\" data-id=\"8e80df8\" data-element_type=\"column\">\n\t\t\t<div class=\"elementor-widget-wrap elementor-element-populated\">\n\t\t\t\t\t\t\t\t<div class=\"elementor-element elementor-element-e9d6db0 elementor-widget elementor-widget-heading\" data-id=\"e9d6db0\" data-element_type=\"widget\" data-widget_type=\"heading.default\">\n\t\t\t\t<div class=\"elementor-widget-container\">\n\t\t\t<h3 class=\"elementor-heading-title elementor-size-default\">GERAL<\/h3>\t\t<\/div>\n\t\t\t\t<\/div>\n\t\t\t\t<div class=\"elementor-element elementor-element-7507cc6f elementor-widget elementor-widget-text-editor\" data-id=\"7507cc6f\" data-element_type=\"widget\" data-widget_type=\"text-editor.default\">\n\t\t\t\t<div class=\"elementor-widget-container\">\n\t\t\t\t\t\t\t<p>A legisla\u00e7\u00e3o espanhola ser\u00e1 aplic\u00e1vel a todas as quest\u00f5es litigiosas ou relativas ao website iFinanciera, e os Tribunais do domic\u00edlio do utilizador ser\u00e3o competentes para resolver todos os lit\u00edgios decorrentes ou relacionados com a utiliza\u00e7\u00e3o deste website. O acesso ao website iFinanciera implica a aceita\u00e7\u00e3o de todas as condi\u00e7\u00f5es acima referidas.<\/p>\t\t\t\t\t\t<\/div>\n\t\t\t\t<\/div>\n\t\t\t\t\t<\/div>\n\t\t<\/div>\n\t\t\t\t\t\t\t<\/div>\n\t\t<\/section>\n\t\t\t\t<section class=\"elementor-section elementor-top-section elementor-element elementor-element-5be97702 elementor-section-boxed elementor-section-height-default elementor-section-height-default\" data-id=\"5be97702\" data-element_type=\"section\">\n\t\t\t\t\t\t<div class=\"elementor-container elementor-column-gap-default\">\n\t\t\t\t\t<div class=\"elementor-column elementor-col-100 elementor-top-column elementor-element elementor-element-37b2e4c2\" data-id=\"37b2e4c2\" data-element_type=\"column\">\n\t\t\t<div class=\"elementor-widget-wrap elementor-element-populated\">\n\t\t\t\t\t\t\t\t<div class=\"elementor-element elementor-element-20028875 elementor-widget elementor-widget-heading\" data-id=\"20028875\" data-element_type=\"widget\" data-widget_type=\"heading.default\">\n\t\t\t\t<div class=\"elementor-widget-container\">\n\t\t\t<h3 class=\"elementor-heading-title elementor-size-default\">HYPERLINKS<\/h3>\t\t<\/div>\n\t\t\t\t<\/div>\n\t\t\t\t<div class=\"elementor-element elementor-element-1a222b0e elementor-widget elementor-widget-text-editor\" data-id=\"1a222b0e\" data-element_type=\"widget\" data-widget_type=\"text-editor.default\">\n\t\t\t\t<div class=\"elementor-widget-container\">\n\t\t\t\t\t\t\t<p>Os hiperlinks contidos no website iFinanciera podem conduzir a websites de terceiros. iFinanciera n\u00e3o assume qualquer responsabilidade pelo conte\u00fado, informa\u00e7\u00e3o ou servi\u00e7os que possam aparecer nesses sites, que s\u00e3o apenas para fins informativos e em caso algum implicam qualquer rela\u00e7\u00e3o entre iFinanciera e as pessoas ou entidades que possuem tal conte\u00fado ou os propriet\u00e1rios dos sites onde est\u00e3o localizados.<\/p>\t\t\t\t\t\t<\/div>\n\t\t\t\t<\/div>\n\t\t\t\t\t<\/div>\n\t\t<\/div>\n\t\t\t\t\t\t\t<\/div>\n\t\t<\/section>\n\t\t\t\t<section class=\"elementor-section elementor-top-section elementor-element elementor-element-6769d3b6 elementor-section-boxed elementor-section-height-default elementor-section-height-default\" data-id=\"6769d3b6\" data-element_type=\"section\">\n\t\t\t\t\t\t<div class=\"elementor-container elementor-column-gap-default\">\n\t\t\t\t\t<div class=\"elementor-column elementor-col-100 elementor-top-column elementor-element elementor-element-7018ab06\" data-id=\"7018ab06\" data-element_type=\"column\">\n\t\t\t<div class=\"elementor-widget-wrap elementor-element-populated\">\n\t\t\t\t\t\t\t\t<div class=\"elementor-element elementor-element-24be891d elementor-widget elementor-widget-heading\" data-id=\"24be891d\" data-element_type=\"widget\" data-widget_type=\"heading.default\">\n\t\t\t\t<div class=\"elementor-widget-container\">\n\t\t\t<h3 class=\"elementor-heading-title elementor-size-default\">ENDERE\u00c7O DE CONTACTO<\/h3>\t\t<\/div>\n\t\t\t\t<\/div>\n\t\t\t\t<div class=\"elementor-element elementor-element-1d13afbf elementor-widget elementor-widget-text-editor\" data-id=\"1d13afbf\" data-element_type=\"widget\" data-widget_type=\"text-editor.default\">\n\t\t\t\t<div class=\"elementor-widget-container\">\n\t\t\t\t\t\t\t<p>O website \u00e9 gerido por iFinanciera sob um nome comercial registado no Instituto Espanhol de Marcas e Patentes com o C\u00f3digo de Identifica\u00e7\u00e3o Fiscal B01603935.<\/p><p>O sistema de processamento de informa\u00e7\u00e3o criado, est\u00e1 localizado na sede social, que \u00e9 estabelecida para efeitos do presente Aviso Legal, em iFinanciera, Impact Hub Picasso &#8211; Plaza Pablo Ruiz Picasso, 1, 28046 Madrid (Madrid), Espanha; sob a supervis\u00e3o e controlo de iFinanciera que assume a responsabilidade pela adop\u00e7\u00e3o de medidas de seguran\u00e7a t\u00e9cnicas e organizacionais para proteger a confidencialidade e integridade da informa\u00e7\u00e3o, em conformidade com as disposi\u00e7\u00f5es do Regulamento Europeu de Protec\u00e7\u00e3o de Dados EU 2016\/679 de 27 de Abril do Parlamento e do Conselho e outra legisla\u00e7\u00e3o nacional em vigor, e outra legisla\u00e7\u00e3o aplic\u00e1vel.<\/p><p>iFinanciera, em conformidade com a Lei 34\/2002, sobre Servi\u00e7os da Sociedade da Informa\u00e7\u00e3o e Com\u00e9rcio Electr\u00f3nico, informa-o que o sentido amplo da referida Lei inclui entre estes servi\u00e7os o fornecimento de informa\u00e7\u00e3o atrav\u00e9s dos referidos meios. Em qualquer caso, o Regulamento Europeu de Protec\u00e7\u00e3o de Dados EU 2016\/679 de 27 de Abril do Parlamento e do Conselho e o resto dos regulamentos nacionais em vigor, bem como os seus regulamentos de execu\u00e7\u00e3o, ser\u00e3o aplic\u00e1veis a este respeito, especialmente no que diz respeito \u00e0 recolha de dados pessoais, \u00e0 informa\u00e7\u00e3o das partes interessadas e \u00e0 cria\u00e7\u00e3o e manuten\u00e7\u00e3o de ficheiros de dados pessoais.<\/p>\t\t\t\t\t\t<\/div>\n\t\t\t\t<\/div>\n\t\t\t\t\t<\/div>\n\t\t<\/div>\n\t\t\t\t\t\t\t<\/div>\n\t\t<\/section>\n\t\t\t\t\t\t\t<\/div>\n\t\t","protected":false},"excerpt":{"rendered":"<p>Aviso Legal AVISO JUR\u00cdDICO. PROP\u00d3SITO Este website foi concebido para divulgar os servi\u00e7os oferecidos pela entidade IFINANCIERA ECONOMIA Y EMPRESA, S.L., adiante iFinanciera, Impact Hub Picasso &#8211; Plaza Pablo Ruiz Picasso, 1, 28046 Madrid (Madrid), Espanha; bem como para a recep\u00e7\u00e3o de potenciais clientes, contactos comerciais e candidaturas a emprego. PROPIEDADE INTELECTUAL E INDUSTRIAL Os [&hellip;]<\/p>\n","protected":false},"author":1,"featured_media":0,"parent":0,"menu_order":0,"comment_status":"closed","ping_status":"closed","template":"","meta":{"footnotes":""},"class_list":["post-262","page","type-page","status-publish","hentry"],"_links":{"self":[{"href":"https:\/\/ifinanciera.es\/pt\/wp-json\/wp\/v2\/pages\/262","targetHints":{"allow":["GET"]}}],"collection":[{"href":"https:\/\/ifinanciera.es\/pt\/wp-json\/wp\/v2\/pages"}],"about":[{"href":"https:\/\/ifinanciera.es\/pt\/wp-json\/wp\/v2\/types\/page"}],"author":[{"embeddable":true,"href":"https:\/\/ifinanciera.es\/pt\/wp-json\/wp\/v2\/users\/1"}],"replies":[{"embeddable":true,"href":"https:\/\/ifinanciera.es\/pt\/wp-json\/wp\/v2\/comments?post=262"}],"version-history":[{"count":6,"href":"https:\/\/ifinanciera.es\/pt\/wp-json\/wp\/v2\/pages\/262\/revisions"}],"predecessor-version":[{"id":399,"href":"https:\/\/ifinanciera.es\/pt\/wp-json\/wp\/v2\/pages\/262\/revisions\/399"}],"wp:attachment":[{"href":"https:\/\/ifinanciera.es\/pt\/wp-json\/wp\/v2\/media?parent=262"}],"curies":[{"name":"wp","href":"https:\/\/api.w.org\/{rel}","templated":true}]}}