{"id":275,"date":"2022-11-15T17:46:50","date_gmt":"2022-11-15T17:46:50","guid":{"rendered":"https:\/\/ifinanciera.es\/pt\/?page_id=275"},"modified":"2022-11-15T17:48:31","modified_gmt":"2022-11-15T17:48:31","slug":"politica-cookies","status":"publish","type":"page","link":"https:\/\/ifinanciera.es\/pt\/politica-cookies\/","title":{"rendered":"Politica cookies"},"content":{"rendered":"\t\t<div data-elementor-type=\"wp-page\" data-elementor-id=\"275\" class=\"elementor elementor-275\">\n\t\t\t\t\t\t\t\t\t<section class=\"elementor-section elementor-top-section elementor-element elementor-element-45abbbd0 elementor-section-boxed elementor-section-height-default elementor-section-height-default\" data-id=\"45abbbd0\" data-element_type=\"section\">\n\t\t\t\t\t\t<div class=\"elementor-container elementor-column-gap-default\">\n\t\t\t\t\t<div class=\"elementor-column elementor-col-100 elementor-top-column elementor-element elementor-element-3cd16d6f\" data-id=\"3cd16d6f\" data-element_type=\"column\">\n\t\t\t<div class=\"elementor-widget-wrap elementor-element-populated\">\n\t\t\t\t\t\t\t\t<div class=\"elementor-element elementor-element-11f6ec6f elementor-widget elementor-widget-heading\" data-id=\"11f6ec6f\" data-element_type=\"widget\" data-widget_type=\"heading.default\">\n\t\t\t\t<div class=\"elementor-widget-container\">\n\t\t\t<style>\/*! elementor - v3.7.7 - 20-09-2022 *\/\n.elementor-heading-title{padding:0;margin:0;line-height:1}.elementor-widget-heading .elementor-heading-title[class*=elementor-size-]>a{color:inherit;font-size:inherit;line-height:inherit}.elementor-widget-heading .elementor-heading-title.elementor-size-small{font-size:15px}.elementor-widget-heading .elementor-heading-title.elementor-size-medium{font-size:19px}.elementor-widget-heading .elementor-heading-title.elementor-size-large{font-size:29px}.elementor-widget-heading .elementor-heading-title.elementor-size-xl{font-size:39px}.elementor-widget-heading .elementor-heading-title.elementor-size-xxl{font-size:59px}<\/style><h1 class=\"elementor-heading-title elementor-size-default\">Pol\u00edtica de Cookies<\/h1>\t\t<\/div>\n\t\t\t\t<\/div>\n\t\t\t\t\t<\/div>\n\t\t<\/div>\n\t\t\t\t\t\t\t<\/div>\n\t\t<\/section>\n\t\t\t\t<section class=\"elementor-section elementor-top-section elementor-element elementor-element-36b7a8f9 elementor-section-boxed elementor-section-height-default elementor-section-height-default\" data-id=\"36b7a8f9\" data-element_type=\"section\">\n\t\t\t\t\t\t<div class=\"elementor-container elementor-column-gap-default\">\n\t\t\t\t\t<div class=\"elementor-column elementor-col-100 elementor-top-column elementor-element elementor-element-36eba35e\" data-id=\"36eba35e\" data-element_type=\"column\">\n\t\t\t<div class=\"elementor-widget-wrap elementor-element-populated\">\n\t\t\t\t\t\t\t\t<div class=\"elementor-element elementor-element-4fc7e926 elementor-widget elementor-widget-heading\" data-id=\"4fc7e926\" data-element_type=\"widget\" data-widget_type=\"heading.default\">\n\t\t\t\t<div class=\"elementor-widget-container\">\n\t\t\t<h3 class=\"elementor-heading-title elementor-size-default\">Cookies<\/h3>\t\t<\/div>\n\t\t\t\t<\/div>\n\t\t\t\t<div class=\"elementor-element elementor-element-b335c4e elementor-widget elementor-widget-text-editor\" data-id=\"b335c4e\" data-element_type=\"widget\" data-widget_type=\"text-editor.default\">\n\t\t\t\t<div class=\"elementor-widget-container\">\n\t\t\t<style>\/*! elementor - v3.7.7 - 20-09-2022 *\/\n.elementor-widget-text-editor.elementor-drop-cap-view-stacked .elementor-drop-cap{background-color:#818a91;color:#fff}.elementor-widget-text-editor.elementor-drop-cap-view-framed .elementor-drop-cap{color:#818a91;border:3px solid;background-color:transparent}.elementor-widget-text-editor:not(.elementor-drop-cap-view-default) .elementor-drop-cap{margin-top:8px}.elementor-widget-text-editor:not(.elementor-drop-cap-view-default) .elementor-drop-cap-letter{width:1em;height:1em}.elementor-widget-text-editor .elementor-drop-cap{float:left;text-align:center;line-height:1;font-size:50px}.elementor-widget-text-editor .elementor-drop-cap-letter{display:inline-block}<\/style>\t\t\t\t<p>O Website utiliza um analisador de tr\u00e1fego que emprega pequenos programas conhecidos como \u00abcookies\u00bb que nos dizem certas informa\u00e7\u00f5es sobre a sua utiliza\u00e7\u00e3o do nosso Website:<\/p><p>Podemos recolher informa\u00e7\u00f5es sobre o seu computador, incluindo, quando aplic\u00e1vel, o seu endere\u00e7o IP, sistema operativo e tipo de navegador.<\/p><p>Estes s\u00e3o dados estat\u00edsticos sobre a forma como navega no nosso website. Os cookies cont\u00eam informa\u00e7\u00f5es que s\u00e3o transferidas para o disco r\u00edgido do seu computador.<\/p><p>Os cookies ajudam-nos a melhorar o nosso website e a fornecer um servi\u00e7o melhor e mais personalizado.<\/p><p>Em particular, elas permitem-nos faz\u00ea-lo:<\/p><ul><li>N\u00fameros estimados e padr\u00f5es de utiliza\u00e7\u00e3o.<\/li><li>Armazene informa\u00e7\u00f5es sobre as suas prefer\u00eancias e personalize o nosso s\u00edtio web de acordo com os seus interesses individuais.<\/li><li>Acelere as suas pesquisas.<\/li><li>Reconhec\u00ea-lo quando regressar ao nosso site.<\/li><li>Este website utiliza o Google Analytics, um servi\u00e7o de an\u00e1lise web fornecido pela Google, Inc., uma companhia de Delaware com sede em 1600 Amphitheatre Parkway, Mountain View (California), CA 94043, Estados Unidos (\u00abGoogle\u00bb). O Google Analytics utiliza \u00abcookies\u00bb, que s\u00e3o ficheiros de texto colocados no seu computador, para ajudar o website a analisar a forma como os utilizadores utilizam o site.<br \/>A informa\u00e7\u00e3o gerada pelo cookie sobre a sua utiliza\u00e7\u00e3o do website (incluindo o seu endere\u00e7o IP) ser\u00e1 transmitida para e armazenada pela Google em servidores nos Estados Unidos da Am\u00e9rica.<\/li><\/ul><p>A Google utilizar\u00e1 esta informa\u00e7\u00e3o em nosso nome com o objectivo de avaliar a sua utiliza\u00e7\u00e3o do website, compilando relat\u00f3rios sobre a actividade do website para os operadores do website e fornecendo outros servi\u00e7os relacionados com a actividade do website e a utiliza\u00e7\u00e3o da Internet.<\/p><p>O Google pode tamb\u00e9m transferir estas informa\u00e7\u00f5es para terceiros quando tal for exigido por lei, ou quando tais terceiros processarem as informa\u00e7\u00f5es em nome do Google.<\/p><p>A Google n\u00e3o associar\u00e1 o seu endere\u00e7o IP a quaisquer outros dados na posse da Google.<\/p><p>Pode recusar a utiliza\u00e7\u00e3o de cookies, seleccionando as defini\u00e7\u00f5es apropriadas no seu navegador, no entanto, note que se o fizer, poder\u00e1 n\u00e3o ser capaz de utilizar todas as funcionalidades deste website.<\/p><p>Ao utilizar este website, consente o processamento de dados sobre si pelo Google da forma e para os fins acima expostos. Para estes fins, \u00e9 informado que a Google Inc. \u00e9 considerada um \u00abporto seguro\u00bb em termos de regulamentos de protec\u00e7\u00e3o de dados pessoais.<\/p><ul><li>Salvo indica\u00e7\u00e3o em contr\u00e1rio, o Utilizador d\u00e1 o seu consentimento pr\u00e9vio para a utiliza\u00e7\u00e3o de cookies.<\/li><li>O Utilizador consente tamb\u00e9m a localiza\u00e7\u00e3o do seu endere\u00e7o IP enquanto navega no website.<\/li><li>Pode recusar a aceita\u00e7\u00e3o de cookies activando a configura\u00e7\u00e3o no seu navegador que lhe permite recusar cookies. No entanto, se seleccionar esta configura\u00e7\u00e3o, poder\u00e1 n\u00e3o conseguir aceder a certas partes do Website ou tirar partido de alguns dos nossos servi\u00e7os. A menos que tenha ajustado a configura\u00e7\u00e3o do seu navegador para que este recuse cookies, o nosso sistema produzir\u00e1 cookies quando iniciar sess\u00e3o no nosso site.<\/li><\/ul><p>Seguindo as directrizes europeias dos regulamentos de protec\u00e7\u00e3o de dados que podem ser afectados pela utiliza\u00e7\u00e3o de cookies, informamos que os diferentes navegadores da Internet t\u00eam ferramentas de configura\u00e7\u00e3o para que o Utilizador, se desejar, possa desactivar e\/ou apagar estes cookies ou activar o modo de navega\u00e7\u00e3o privada no seu navegador.<\/p><p>Pode permitir, bloquear ou apagar os cookies instalados no seu computador, configurando as op\u00e7\u00f5es do navegador instaladas no seu computador:<\/p><p><strong>Chrome:<\/strong> https:\/\/support.google.com\/chrome\/answer\/95647?hl=es<br \/><strong>Explorer:<\/strong> http:\/\/windows.microsoft.com\/es-es\/windows7\/how-to-manage-cookies-in-internetexplorer-9<br \/><strong>Firefox:<\/strong> https:\/\/support.mozilla.org\/es\/kb\/habilitar-y-deshabilitar-cookies-que-los-sitios-we<br \/><strong>Safari:<\/strong> https:\/\/support.apple.com\/kb\/ph5042?locale=es_ES<\/p>\t\t\t\t\t\t<\/div>\n\t\t\t\t<\/div>\n\t\t\t\t\t<\/div>\n\t\t<\/div>\n\t\t\t\t\t\t\t<\/div>\n\t\t<\/section>\n\t\t\t\t\t\t\t<\/div>\n\t\t","protected":false},"excerpt":{"rendered":"<p>Pol\u00edtica de Cookies Cookies O Website utiliza um analisador de tr\u00e1fego que emprega pequenos programas conhecidos como \u00abcookies\u00bb que nos dizem certas informa\u00e7\u00f5es sobre a sua utiliza\u00e7\u00e3o do nosso Website: Podemos recolher informa\u00e7\u00f5es sobre o seu computador, incluindo, quando aplic\u00e1vel, o seu endere\u00e7o IP, sistema operativo e tipo de navegador. Estes s\u00e3o dados estat\u00edsticos sobre [&hellip;]<\/p>\n","protected":false},"author":1,"featured_media":0,"parent":0,"menu_order":0,"comment_status":"closed","ping_status":"closed","template":"","meta":{"footnotes":""},"class_list":["post-275","page","type-page","status-publish","hentry"],"_links":{"self":[{"href":"https:\/\/ifinanciera.es\/pt\/wp-json\/wp\/v2\/pages\/275","targetHints":{"allow":["GET"]}}],"collection":[{"href":"https:\/\/ifinanciera.es\/pt\/wp-json\/wp\/v2\/pages"}],"about":[{"href":"https:\/\/ifinanciera.es\/pt\/wp-json\/wp\/v2\/types\/page"}],"author":[{"embeddable":true,"href":"https:\/\/ifinanciera.es\/pt\/wp-json\/wp\/v2\/users\/1"}],"replies":[{"embeddable":true,"href":"https:\/\/ifinanciera.es\/pt\/wp-json\/wp\/v2\/comments?post=275"}],"version-history":[{"count":5,"href":"https:\/\/ifinanciera.es\/pt\/wp-json\/wp\/v2\/pages\/275\/revisions"}],"predecessor-version":[{"id":283,"href":"https:\/\/ifinanciera.es\/pt\/wp-json\/wp\/v2\/pages\/275\/revisions\/283"}],"wp:attachment":[{"href":"https:\/\/ifinanciera.es\/pt\/wp-json\/wp\/v2\/media?parent=275"}],"curies":[{"name":"wp","href":"https:\/\/api.w.org\/{rel}","templated":true}]}}