{"id":3,"date":"2022-11-14T16:30:20","date_gmt":"2022-11-14T16:30:20","guid":{"rendered":"https:\/\/ifinanciera.es\/pt\/?page_id=3"},"modified":"2022-11-17T10:20:56","modified_gmt":"2022-11-17T10:20:56","slug":"politica-privacidad","status":"publish","type":"page","link":"https:\/\/ifinanciera.es\/pt\/politica-privacidad\/","title":{"rendered":"Pol\u00edtica de privacidade"},"content":{"rendered":"\t\t<div data-elementor-type=\"wp-page\" data-elementor-id=\"3\" class=\"elementor elementor-3\">\n\t\t\t\t\t\t\t\t\t<section class=\"elementor-section elementor-top-section elementor-element elementor-element-813ac54 elementor-section-boxed elementor-section-height-default elementor-section-height-default\" data-id=\"813ac54\" data-element_type=\"section\">\n\t\t\t\t\t\t<div class=\"elementor-container elementor-column-gap-default\">\n\t\t\t\t\t<div class=\"elementor-column elementor-col-100 elementor-top-column elementor-element elementor-element-2c81f03\" data-id=\"2c81f03\" data-element_type=\"column\">\n\t\t\t<div class=\"elementor-widget-wrap elementor-element-populated\">\n\t\t\t\t\t\t\t\t<div class=\"elementor-element elementor-element-52c34035 elementor-widget elementor-widget-heading\" data-id=\"52c34035\" data-element_type=\"widget\" data-widget_type=\"heading.default\">\n\t\t\t\t<div class=\"elementor-widget-container\">\n\t\t\t<style>\/*! elementor - v3.7.7 - 20-09-2022 *\/\n.elementor-heading-title{padding:0;margin:0;line-height:1}.elementor-widget-heading .elementor-heading-title[class*=elementor-size-]>a{color:inherit;font-size:inherit;line-height:inherit}.elementor-widget-heading .elementor-heading-title.elementor-size-small{font-size:15px}.elementor-widget-heading .elementor-heading-title.elementor-size-medium{font-size:19px}.elementor-widget-heading .elementor-heading-title.elementor-size-large{font-size:29px}.elementor-widget-heading .elementor-heading-title.elementor-size-xl{font-size:39px}.elementor-widget-heading .elementor-heading-title.elementor-size-xxl{font-size:59px}<\/style><h2 class=\"elementor-heading-title elementor-size-default\">Pol\u00edtica de Privacidade<\/h2>\t\t<\/div>\n\t\t\t\t<\/div>\n\t\t\t\t\t<\/div>\n\t\t<\/div>\n\t\t\t\t\t\t\t<\/div>\n\t\t<\/section>\n\t\t\t\t<section class=\"elementor-section elementor-top-section elementor-element elementor-element-47adda44 elementor-section-boxed elementor-section-height-default elementor-section-height-default\" data-id=\"47adda44\" data-element_type=\"section\">\n\t\t\t\t\t\t<div class=\"elementor-container elementor-column-gap-default\">\n\t\t\t\t\t<div class=\"elementor-column elementor-col-100 elementor-top-column elementor-element elementor-element-9cc161\" data-id=\"9cc161\" data-element_type=\"column\">\n\t\t\t<div class=\"elementor-widget-wrap elementor-element-populated\">\n\t\t\t\t\t\t\t\t<div class=\"elementor-element elementor-element-2b06f166 elementor-widget elementor-widget-heading\" data-id=\"2b06f166\" data-element_type=\"widget\" data-widget_type=\"heading.default\">\n\t\t\t\t<div class=\"elementor-widget-container\">\n\t\t\t<h3 class=\"elementor-heading-title elementor-size-default\">GERAL<\/h3>\t\t<\/div>\n\t\t\t\t<\/div>\n\t\t\t\t<div class=\"elementor-element elementor-element-6790efa0 elementor-widget elementor-widget-text-editor\" data-id=\"6790efa0\" data-element_type=\"widget\" data-widget_type=\"text-editor.default\">\n\t\t\t\t<div class=\"elementor-widget-container\">\n\t\t\t<style>\/*! elementor - v3.7.7 - 20-09-2022 *\/\n.elementor-widget-text-editor.elementor-drop-cap-view-stacked .elementor-drop-cap{background-color:#818a91;color:#fff}.elementor-widget-text-editor.elementor-drop-cap-view-framed .elementor-drop-cap{color:#818a91;border:3px solid;background-color:transparent}.elementor-widget-text-editor:not(.elementor-drop-cap-view-default) .elementor-drop-cap{margin-top:8px}.elementor-widget-text-editor:not(.elementor-drop-cap-view-default) .elementor-drop-cap-letter{width:1em;height:1em}.elementor-widget-text-editor .elementor-drop-cap{float:left;text-align:center;line-height:1;font-size:50px}.elementor-widget-text-editor .elementor-drop-cap-letter{display:inline-block}<\/style>\t\t\t\t<p>Para efeitos das disposi\u00e7\u00f5es do Regulamento Europeu de Protec\u00e7\u00e3o de Dados UE 2016\/679, de 27 de Abril, do Parlamento e do Conselho e outra legisla\u00e7\u00e3o nacional em vigor, iFinanciera informa-o que cumpre integralmente a legisla\u00e7\u00e3o em vigor em mat\u00e9ria de protec\u00e7\u00e3o de dados pessoais, bem como os compromissos de confidencialidade inerentes \u00e0 sua actividade.<\/p>\n<p>iFinanciera informa-o da exist\u00eancia de um sistema de processamento de informa\u00e7\u00e3o pertencente a iFinanciera para efeitos de gest\u00e3o, comunica\u00e7\u00e3o e informa\u00e7\u00e3o. O sistema acima mencionado \u00e9 descrito no Registo de Actividades de Processamento correspondente da RT, ao qual o utilizador pode aceder para verificar o estado dos seus dados.<\/p>\t\t\t\t\t\t<\/div>\n\t\t\t\t<\/div>\n\t\t\t\t\t<\/div>\n\t\t<\/div>\n\t\t\t\t\t\t\t<\/div>\n\t\t<\/section>\n\t\t\t\t<section class=\"elementor-section elementor-top-section elementor-element elementor-element-24dece12 elementor-section-boxed elementor-section-height-default elementor-section-height-default\" data-id=\"24dece12\" data-element_type=\"section\">\n\t\t\t\t\t\t<div class=\"elementor-container elementor-column-gap-default\">\n\t\t\t\t\t<div class=\"elementor-column elementor-col-100 elementor-top-column elementor-element elementor-element-3ab441e2\" data-id=\"3ab441e2\" data-element_type=\"column\">\n\t\t\t<div class=\"elementor-widget-wrap elementor-element-populated\">\n\t\t\t\t\t\t\t\t<div class=\"elementor-element elementor-element-31a2a57d elementor-widget elementor-widget-heading\" data-id=\"31a2a57d\" data-element_type=\"widget\" data-widget_type=\"heading.default\">\n\t\t\t\t<div class=\"elementor-widget-container\">\n\t\t\t<h3 class=\"elementor-heading-title elementor-size-default\">MEDIDAS DE SEGURAN\u00c7A E N\u00cdVEIS DE SEGURAN\u00c7A<\/h3>\t\t<\/div>\n\t\t\t\t<\/div>\n\t\t\t\t<div class=\"elementor-element elementor-element-384c5538 elementor-widget elementor-widget-text-editor\" data-id=\"384c5538\" data-element_type=\"widget\" data-widget_type=\"text-editor.default\">\n\t\t\t\t<div class=\"elementor-widget-container\">\n\t\t\t\t\t\t\t<p>iFinanciera adoptou as medidas necess\u00e1rias para garantir a seguran\u00e7a da informa\u00e7\u00e3o, conforme exigido pelo artigo 32\u00ba do RGPD, de acordo com a natureza dos dados pessoais tratados e as circunst\u00e2ncias do tratamento, a fim de evitar, na medida do poss\u00edvel e sempre de acordo com o estado da t\u00e9cnica, a sua altera\u00e7\u00e3o, perda, tratamento ou acesso n\u00e3o autorizado, garantindo assim a confidencialidade, integridade e disponibilidade dos mesmos.<\/p>\t\t\t\t\t\t<\/div>\n\t\t\t\t<\/div>\n\t\t\t\t\t<\/div>\n\t\t<\/div>\n\t\t\t\t\t\t\t<\/div>\n\t\t<\/section>\n\t\t\t\t<section class=\"elementor-section elementor-top-section elementor-element elementor-element-31c7bf66 elementor-section-boxed elementor-section-height-default elementor-section-height-default\" data-id=\"31c7bf66\" data-element_type=\"section\">\n\t\t\t\t\t\t<div class=\"elementor-container elementor-column-gap-default\">\n\t\t\t\t\t<div class=\"elementor-column elementor-col-100 elementor-top-column elementor-element elementor-element-45ce59c7\" data-id=\"45ce59c7\" data-element_type=\"column\">\n\t\t\t<div class=\"elementor-widget-wrap elementor-element-populated\">\n\t\t\t\t\t\t\t\t<div class=\"elementor-element elementor-element-c3e7e8 elementor-widget elementor-widget-heading\" data-id=\"c3e7e8\" data-element_type=\"widget\" data-widget_type=\"heading.default\">\n\t\t\t\t<div class=\"elementor-widget-container\">\n\t\t\t<h3 class=\"elementor-heading-title elementor-size-default\">\u00c2MBITO DE APLICA\u00c7\u00c3O<\/h3>\t\t<\/div>\n\t\t\t\t<\/div>\n\t\t\t\t<div class=\"elementor-element elementor-element-73e4f4b8 elementor-widget elementor-widget-text-editor\" data-id=\"73e4f4b8\" data-element_type=\"widget\" data-widget_type=\"text-editor.default\">\n\t\t\t\t<div class=\"elementor-widget-container\">\n\t\t\t\t\t\t\t<p>As medidas de seguran\u00e7a que iFinanciera descreveu no Registo de Actividades de Processamento ser\u00e3o aplicadas a todos os activos do sistema de processamento de informa\u00e7\u00e3o em que os dados pessoais s\u00e3o processados, com o objectivo de cumprir a actual legisla\u00e7\u00e3o sobre protec\u00e7\u00e3o de dados.<\/p>\n<p>Todo o pessoal contratado por iFinanciera e os seus Processadores de Dados s\u00e3o obrigados a cumprir os regulamentos acima mencionados, com especial aten\u00e7\u00e3o \u00e0s suas fun\u00e7\u00f5es e obriga\u00e7\u00f5es, incluindo o dever de sigilo, que ser\u00e1 devidamente determinado por iFinanciera.<\/p>\t\t\t\t\t\t<\/div>\n\t\t\t\t<\/div>\n\t\t\t\t\t<\/div>\n\t\t<\/div>\n\t\t\t\t\t\t\t<\/div>\n\t\t<\/section>\n\t\t\t\t<section class=\"elementor-section elementor-top-section elementor-element elementor-element-4126f6d2 elementor-section-boxed elementor-section-height-default elementor-section-height-default\" data-id=\"4126f6d2\" data-element_type=\"section\">\n\t\t\t\t\t\t<div class=\"elementor-container elementor-column-gap-default\">\n\t\t\t\t\t<div class=\"elementor-column elementor-col-100 elementor-top-column elementor-element elementor-element-66631ba1\" data-id=\"66631ba1\" data-element_type=\"column\">\n\t\t\t<div class=\"elementor-widget-wrap elementor-element-populated\">\n\t\t\t\t\t\t\t\t<div class=\"elementor-element elementor-element-119d8773 elementor-widget elementor-widget-heading\" data-id=\"119d8773\" data-element_type=\"widget\" data-widget_type=\"heading.default\">\n\t\t\t\t<div class=\"elementor-widget-container\">\n\t\t\t<h3 class=\"elementor-heading-title elementor-size-default\">RECOLHA DE DADOS<\/h3>\t\t<\/div>\n\t\t\t\t<\/div>\n\t\t\t\t<div class=\"elementor-element elementor-element-61336feb elementor-widget elementor-widget-text-editor\" data-id=\"61336feb\" data-element_type=\"widget\" data-widget_type=\"text-editor.default\">\n\t\t\t\t<div class=\"elementor-widget-container\">\n\t\t\t\t\t\t\t<p>A aceita\u00e7\u00e3o destas condi\u00e7\u00f5es exige que o utilizador recolha determinados dados essenciais para a presta\u00e7\u00e3o dos seus servi\u00e7os, os quais ser\u00e3o solicitados pessoalmente atrav\u00e9s de formul\u00e1rios ou do website. No momento da recolha dos dados, o utilizador ser\u00e1 devidamente informado sobre os direitos a que tem direito.<\/p>\n<p>A fim de assegurar que a informa\u00e7\u00e3o contida no nosso sistema de processamento esteja sempre actualizada e livre de erros, pedimos aos nossos clientes e utilizadores que nos informem o mais rapidamente poss\u00edvel de quaisquer altera\u00e7\u00f5es ou correc\u00e7\u00f5es aos seus dados pessoais.<\/p>\t\t\t\t\t\t<\/div>\n\t\t\t\t<\/div>\n\t\t\t\t\t<\/div>\n\t\t<\/div>\n\t\t\t\t\t\t\t<\/div>\n\t\t<\/section>\n\t\t\t\t<section class=\"elementor-section elementor-top-section elementor-element elementor-element-2c432e06 elementor-section-boxed elementor-section-height-default elementor-section-height-default\" data-id=\"2c432e06\" data-element_type=\"section\">\n\t\t\t\t\t\t<div class=\"elementor-container elementor-column-gap-default\">\n\t\t\t\t\t<div class=\"elementor-column elementor-col-100 elementor-top-column elementor-element elementor-element-4fd4e078\" data-id=\"4fd4e078\" data-element_type=\"column\">\n\t\t\t<div class=\"elementor-widget-wrap elementor-element-populated\">\n\t\t\t\t\t\t\t\t<div class=\"elementor-element elementor-element-18e8942 elementor-widget elementor-widget-heading\" data-id=\"18e8942\" data-element_type=\"widget\" data-widget_type=\"heading.default\">\n\t\t\t\t<div class=\"elementor-widget-container\">\n\t\t\t<h3 class=\"elementor-heading-title elementor-size-default\">Objecto<\/h3>\t\t<\/div>\n\t\t\t\t<\/div>\n\t\t\t\t<div class=\"elementor-element elementor-element-6e3e4783 elementor-widget elementor-widget-heading\" data-id=\"6e3e4783\" data-element_type=\"widget\" data-widget_type=\"heading.default\">\n\t\t\t\t<div class=\"elementor-widget-container\">\n\t\t\t<h3 class=\"elementor-heading-title elementor-size-default\">RECOLHA DE DADOS<\/h3>\t\t<\/div>\n\t\t\t\t<\/div>\n\t\t\t\t<div class=\"elementor-element elementor-element-58dccead elementor-widget elementor-widget-text-editor\" data-id=\"58dccead\" data-element_type=\"widget\" data-widget_type=\"text-editor.default\">\n\t\t\t\t<div class=\"elementor-widget-container\">\n\t\t\t\t\t\t\t<p>Para exercer os seus direitos de acesso, contesta\u00e7\u00e3o, rectifica\u00e7\u00e3o, cancelamento, elimina\u00e7\u00e3o ou oposi\u00e7\u00e3o, portabilidade, limita\u00e7\u00e3o de processamento e para apresentar uma queixa \u00e0 AEPD, deve contactar-nos em PB CALLE AS PARRAS, 8 BAJO, em ELJAS, prov\u00edncia de CACERES, C\u00f3digo Postal 10891, Espanha. Contudo, podem ser utilizados outros meios para reconhecer a identidade do cliente que exer\u00e7a qualquer um dos direitos acima mencionados.<\/p>\t\t\t\t\t\t<\/div>\n\t\t\t\t<\/div>\n\t\t\t\t\t<\/div>\n\t\t<\/div>\n\t\t\t\t\t\t\t<\/div>\n\t\t<\/section>\n\t\t\t\t<section class=\"elementor-section elementor-top-section elementor-element elementor-element-2c094aae elementor-section-boxed elementor-section-height-default elementor-section-height-default\" data-id=\"2c094aae\" data-element_type=\"section\">\n\t\t\t\t\t\t<div class=\"elementor-container elementor-column-gap-default\">\n\t\t\t\t\t<div class=\"elementor-column elementor-col-100 elementor-top-column elementor-element elementor-element-7201f4c0\" data-id=\"7201f4c0\" data-element_type=\"column\">\n\t\t\t<div class=\"elementor-widget-wrap elementor-element-populated\">\n\t\t\t\t\t\t\t\t<div class=\"elementor-element elementor-element-1db828f elementor-widget elementor-widget-heading\" data-id=\"1db828f\" data-element_type=\"widget\" data-widget_type=\"heading.default\">\n\t\t\t\t<div class=\"elementor-widget-container\">\n\t\t\t<h3 class=\"elementor-heading-title elementor-size-default\">CONSENTE<\/h3>\t\t<\/div>\n\t\t\t\t<\/div>\n\t\t\t\t<div class=\"elementor-element elementor-element-29d03624 elementor-widget elementor-widget-text-editor\" data-id=\"29d03624\" data-element_type=\"widget\" data-widget_type=\"text-editor.default\">\n\t\t\t\t<div class=\"elementor-widget-container\">\n\t\t\t\t\t\t\t<p>O utilizador d\u00e1 o seu consentimento para que iFinanciera possa fazer uso dos seus dados pessoais a fim de fornecer um correcto cumprimento dos servi\u00e7os contratados.<\/p>\n<p>O preenchimento do formul\u00e1rio inclu\u00eddo no site ou o envio de e-mails ou outras comunica\u00e7\u00f5es para iFinanciera implica o consentimento expresso do utilizador para a inclus\u00e3o dos seus dados pessoais no sistema de processamento acima mencionado, propriedade de iFinanciera.<\/p>\n<p>No momento do pedido desta informa\u00e7\u00e3o, o cliente ou utilizador ser\u00e1 informado do destinat\u00e1rio da informa\u00e7\u00e3o, da finalidade para a qual os dados s\u00e3o recolhidos, da identidade e endere\u00e7o do iFinanciera e do direito do utilizador de exercer os direitos de acesso, contesta\u00e7\u00e3o, rectifica\u00e7\u00e3o, cancelamento, elimina\u00e7\u00e3o ou oposi\u00e7\u00e3o, portabilidade, limita\u00e7\u00e3o de tratamento e de apresentar uma queixa \u00e0 AEPD.<\/p>\t\t\t\t\t\t<\/div>\n\t\t\t\t<\/div>\n\t\t\t\t\t<\/div>\n\t\t<\/div>\n\t\t\t\t\t\t\t<\/div>\n\t\t<\/section>\n\t\t\t\t<section class=\"elementor-section elementor-top-section elementor-element elementor-element-3609acf2 elementor-section-boxed elementor-section-height-default elementor-section-height-default\" data-id=\"3609acf2\" data-element_type=\"section\">\n\t\t\t\t\t\t<div class=\"elementor-container elementor-column-gap-default\">\n\t\t\t\t\t<div class=\"elementor-column elementor-col-100 elementor-top-column elementor-element elementor-element-208b3cab\" data-id=\"208b3cab\" data-element_type=\"column\">\n\t\t\t<div class=\"elementor-widget-wrap elementor-element-populated\">\n\t\t\t\t\t\t\t\t<div class=\"elementor-element elementor-element-117b0eb4 elementor-widget elementor-widget-heading\" data-id=\"117b0eb4\" data-element_type=\"widget\" data-widget_type=\"heading.default\">\n\t\t\t\t<div class=\"elementor-widget-container\">\n\t\t\t<h3 class=\"elementor-heading-title elementor-size-default\">TRANSFER\u00caNCIA PARA TERCEIROS<\/h3>\t\t<\/div>\n\t\t\t\t<\/div>\n\t\t\t\t<div class=\"elementor-element elementor-element-289deb31 elementor-widget elementor-widget-text-editor\" data-id=\"289deb31\" data-element_type=\"widget\" data-widget_type=\"text-editor.default\">\n\t\t\t\t<div class=\"elementor-widget-container\">\n\t\t\t\t\t\t\t<p>iFinanciera n\u00e3o transfere dados pessoais sem o consentimento expresso dos seus propriet\u00e1rios, o qual deve ser concedido em cada ocasi\u00e3o, sendo apenas transferido para a finalidade expressa e sempre com o consentimento do utilizador ou cliente.<\/p>\t\t\t\t\t\t<\/div>\n\t\t\t\t<\/div>\n\t\t\t\t\t<\/div>\n\t\t<\/div>\n\t\t\t\t\t\t\t<\/div>\n\t\t<\/section>\n\t\t\t\t<section class=\"elementor-section elementor-top-section elementor-element elementor-element-8711217 elementor-section-boxed elementor-section-height-default elementor-section-height-default\" data-id=\"8711217\" data-element_type=\"section\">\n\t\t\t\t\t\t<div class=\"elementor-container elementor-column-gap-default\">\n\t\t\t\t\t<div class=\"elementor-column elementor-col-100 elementor-top-column elementor-element elementor-element-38af81d\" data-id=\"38af81d\" data-element_type=\"column\">\n\t\t\t<div class=\"elementor-widget-wrap elementor-element-populated\">\n\t\t\t\t\t\t\t\t<div class=\"elementor-element elementor-element-3949b657 elementor-widget elementor-widget-heading\" data-id=\"3949b657\" data-element_type=\"widget\" data-widget_type=\"heading.default\">\n\t\t\t\t<div class=\"elementor-widget-container\">\n\t\t\t<h3 class=\"elementor-heading-title elementor-size-default\">CONFIDENCIALIDADE E SIGILO PROFISSIONAL<\/h3>\t\t<\/div>\n\t\t\t\t<\/div>\n\t\t\t\t<div class=\"elementor-element elementor-element-273e3525 elementor-widget elementor-widget-text-editor\" data-id=\"273e3525\" data-element_type=\"widget\" data-widget_type=\"text-editor.default\">\n\t\t\t\t<div class=\"elementor-widget-container\">\n\t\t\t\t\t\t\t<p>Os dados recolhidos em todas as comunica\u00e7\u00f5es privadas entre iFinanciera e clientes ou utilizadores ser\u00e3o tratados com absoluta confidencialidade, iFinanciera compromete-se \u00e0 obriga\u00e7\u00e3o de sigilo dos dados pessoais, ao seu dever de os proteger e de tomar todas as medidas necess\u00e1rias para evitar a sua altera\u00e7\u00e3o, perda e acesso ou tratamento n\u00e3o autorizado, em conformidade com as disposi\u00e7\u00f5es da legisla\u00e7\u00e3o em vigor.<\/p>\n<p>Al\u00e9m disso, as informa\u00e7\u00f5es de qualquer tipo que as partes troquem entre si, as que aceitam ser desta natureza, ou as que dizem simplesmente respeito ao conte\u00fado de tais informa\u00e7\u00f5es, ter\u00e3o tamb\u00e9m o estatuto de confidenciais. A exibi\u00e7\u00e3o de dados na Internet n\u00e3o autoriza a utiliza\u00e7\u00e3o indiscriminada de tais dados, excepto com o consentimento expresso do propriet\u00e1rio para cada ocasi\u00e3o.<\/p>\n<p>Recomendamos que o cliente n\u00e3o forne\u00e7a a terceiros a sua identifica\u00e7\u00e3o, palavra-passe ou n\u00fameros de refer\u00eancia que iFinanciera lhes possa fornecer. Al\u00e9m disso, para assegurar que a protec\u00e7\u00e3o da confidencialidade entre iFinanciera e o cliente \u00e9 preservada em todas as comunica\u00e7\u00f5es, o cliente\/utilizador n\u00e3o deve revelar informa\u00e7\u00f5es confidenciais a terceiros.<\/p>\t\t\t\t\t\t<\/div>\n\t\t\t\t<\/div>\n\t\t\t\t\t<\/div>\n\t\t<\/div>\n\t\t\t\t\t\t\t<\/div>\n\t\t<\/section>\n\t\t\t\t<section class=\"elementor-section elementor-top-section elementor-element elementor-element-2c696fe elementor-section-boxed elementor-section-height-default elementor-section-height-default\" data-id=\"2c696fe\" data-element_type=\"section\">\n\t\t\t\t\t\t<div class=\"elementor-container elementor-column-gap-default\">\n\t\t\t\t\t<div class=\"elementor-column elementor-col-100 elementor-top-column elementor-element elementor-element-6697620b\" data-id=\"6697620b\" data-element_type=\"column\">\n\t\t\t<div class=\"elementor-widget-wrap elementor-element-populated\">\n\t\t\t\t\t\t\t\t<div class=\"elementor-element elementor-element-39d64b56 elementor-widget elementor-widget-heading\" data-id=\"39d64b56\" data-element_type=\"widget\" data-widget_type=\"heading.default\">\n\t\t\t\t<div class=\"elementor-widget-container\">\n\t\t\t<h3 class=\"elementor-heading-title elementor-size-default\">ALTERA\u00c7\u00d5ES \u00c0 POL\u00cdTICA DE SEGURAN\u00c7A E PROTEC\u00c7\u00c3O DE DADOS<\/h3>\t\t<\/div>\n\t\t\t\t<\/div>\n\t\t\t\t<div class=\"elementor-element elementor-element-2aac615a elementor-widget elementor-widget-text-editor\" data-id=\"2aac615a\" data-element_type=\"widget\" data-widget_type=\"text-editor.default\">\n\t\t\t\t<div class=\"elementor-widget-container\">\n\t\t\t\t\t\t\t<p>iFinanciera reserva-se o direito de modificar a sua pol\u00edtica de seguran\u00e7a e protec\u00e7\u00e3o de dados a fim de a adaptar a novos desenvolvimentos legislativos ou jurisprudenciais, bem como os que possam derivar de c\u00f3digos padr\u00e3o existentes sobre o assunto, ou devido a decis\u00f5es empresariais estrat\u00e9gicas, com efeito a partir da data de publica\u00e7\u00e3o da referida modifica\u00e7\u00e3o no website iFinanciera.<\/p>\t\t\t\t\t\t<\/div>\n\t\t\t\t<\/div>\n\t\t\t\t\t<\/div>\n\t\t<\/div>\n\t\t\t\t\t\t\t<\/div>\n\t\t<\/section>\n\t\t\t\t\t\t\t<\/div>\n\t\t","protected":false},"excerpt":{"rendered":"<p>Pol\u00edtica de Privacidade GERAL Para efeitos das disposi\u00e7\u00f5es do Regulamento Europeu de Protec\u00e7\u00e3o de Dados UE 2016\/679, de 27 de Abril, do Parlamento e do Conselho e outra legisla\u00e7\u00e3o nacional em vigor, iFinanciera informa-o que cumpre integralmente a legisla\u00e7\u00e3o em vigor em mat\u00e9ria de protec\u00e7\u00e3o de dados pessoais, bem como os compromissos de confidencialidade inerentes [&hellip;]<\/p>\n","protected":false},"author":1,"featured_media":0,"parent":0,"menu_order":0,"comment_status":"closed","ping_status":"open","template":"","meta":{"footnotes":""},"class_list":["post-3","page","type-page","status-publish","hentry"],"_links":{"self":[{"href":"https:\/\/ifinanciera.es\/pt\/wp-json\/wp\/v2\/pages\/3","targetHints":{"allow":["GET"]}}],"collection":[{"href":"https:\/\/ifinanciera.es\/pt\/wp-json\/wp\/v2\/pages"}],"about":[{"href":"https:\/\/ifinanciera.es\/pt\/wp-json\/wp\/v2\/types\/page"}],"author":[{"embeddable":true,"href":"https:\/\/ifinanciera.es\/pt\/wp-json\/wp\/v2\/users\/1"}],"replies":[{"embeddable":true,"href":"https:\/\/ifinanciera.es\/pt\/wp-json\/wp\/v2\/comments?post=3"}],"version-history":[{"count":9,"href":"https:\/\/ifinanciera.es\/pt\/wp-json\/wp\/v2\/pages\/3\/revisions"}],"predecessor-version":[{"id":400,"href":"https:\/\/ifinanciera.es\/pt\/wp-json\/wp\/v2\/pages\/3\/revisions\/400"}],"wp:attachment":[{"href":"https:\/\/ifinanciera.es\/pt\/wp-json\/wp\/v2\/media?parent=3"}],"curies":[{"name":"wp","href":"https:\/\/api.w.org\/{rel}","templated":true}]}}